{"id":1853,"date":"2026-01-06T12:38:44","date_gmt":"2026-01-06T12:38:44","guid":{"rendered":"https:\/\/bauservicebolzano.it\/verputzarbeiten\/"},"modified":"2026-01-21T16:59:44","modified_gmt":"2026-01-21T16:59:44","slug":"verputzarbeiten","status":"publish","type":"page","link":"https:\/\/bauservicebolzano.it\/de\/verputzarbeiten\/","title":{"rendered":"Verputzarbeiten"},"content":{"rendered":"\t\t<div data-elementor-type=\"wp-page\" data-elementor-id=\"1853\" class=\"elementor elementor-1853 elementor-1429\" data-elementor-post-type=\"page\">\n\t\t\t\t<div class=\"elementor-element elementor-element-ece1e6b e-flex e-con-boxed e-con e-parent\" data-id=\"ece1e6b\" data-element_type=\"container\" data-e-type=\"container\" data-settings=\"{&quot;background_background&quot;:&quot;classic&quot;}\">\n\t\t\t\t\t<div class=\"e-con-inner\">\n\t\t\t\t<div class=\"elementor-element elementor-element-c3da9b6 elementor-widget elementor-widget-heading\" data-id=\"c3da9b6\" data-element_type=\"widget\" data-e-type=\"widget\" data-widget_type=\"heading.default\">\n\t\t\t\t\t<h1 class=\"elementor-heading-title elementor-size-default\">Verputzarbeiten<\/h1>\t\t\t\t<\/div>\n\t\t\t\t<div class=\"elementor-element elementor-element-4b3a42c elementor-icon-list--layout-inline elementor-list-item-link-full_width elementor-widget elementor-widget-icon-list\" data-id=\"4b3a42c\" data-element_type=\"widget\" data-e-type=\"widget\" data-widget_type=\"icon-list.default\">\n\t\t\t\t\t\t\t<ul class=\"elementor-icon-list-items elementor-inline-items\">\n\t\t\t\t\t\t\t<li class=\"elementor-icon-list-item elementor-inline-item\">\n\t\t\t\t\t\t\t\t\t\t\t<span class=\"elementor-icon-list-icon\">\n\t\t\t\t\t\t\t<i aria-hidden=\"true\" class=\"lnr lnr-home\"><\/i>\t\t\t\t\t\t<\/span>\n\t\t\t\t\t\t\t\t\t\t<span class=\"elementor-icon-list-text\">Startseite<\/span>\n\t\t\t\t\t\t\t\t\t<\/li>\n\t\t\t\t\t\t\t\t<li class=\"elementor-icon-list-item elementor-inline-item\">\n\t\t\t\t\t\t\t\t\t\t<span class=\"elementor-icon-list-text\">\/\/<\/span>\n\t\t\t\t\t\t\t\t\t<\/li>\n\t\t\t\t\t\t\t\t<li class=\"elementor-icon-list-item elementor-inline-item\">\n\t\t\t\t\t\t\t\t\t\t<span class=\"elementor-icon-list-text\">Verputzarbeiten<\/span>\n\t\t\t\t\t\t\t\t\t<\/li>\n\t\t\t\t\t\t<\/ul>\n\t\t\t\t\t\t<\/div>\n\t\t\t\t\t<\/div>\n\t\t\t\t<\/div>\n\t\t<div class=\"elementor-element elementor-element-5fcaa10 e-flex e-con-boxed e-con e-parent\" data-id=\"5fcaa10\" data-element_type=\"container\" data-e-type=\"container\">\n\t\t\t\t\t<div class=\"e-con-inner\">\n\t\t<div class=\"elementor-element elementor-element-362e137 e-con-full e-flex e-con e-child\" data-id=\"362e137\" data-element_type=\"container\" data-e-type=\"container\">\n\t\t\t\t<div class=\"elementor-element elementor-element-2748516 elementor-nav-menu--dropdown-none sidebar_menu elementor-widget elementor-widget-nav-menu\" data-id=\"2748516\" data-element_type=\"widget\" data-e-type=\"widget\" data-settings=\"{&quot;layout&quot;:&quot;vertical&quot;,&quot;sticky&quot;:&quot;top&quot;,&quot;sticky_on&quot;:[&quot;desktop&quot;],&quot;sticky_offset&quot;:80,&quot;sticky_parent&quot;:&quot;yes&quot;,&quot;submenu_icon&quot;:{&quot;value&quot;:&quot;&lt;svg aria-hidden=\\&quot;true\\&quot; class=\\&quot;e-font-icon-svg e-fas-caret-down\\&quot; viewBox=\\&quot;0 0 320 512\\&quot; xmlns=\\&quot;http:\\\/\\\/www.w3.org\\\/2000\\\/svg\\&quot;&gt;&lt;path d=\\&quot;M31.3 192h257.3c17.8 0 26.7 21.5 14.1 34.1L174.1 354.8c-7.8 7.8-20.5 7.8-28.3 0L17.2 226.1C4.6 213.5 13.5 192 31.3 192z\\&quot;&gt;&lt;\\\/path&gt;&lt;\\\/svg&gt;&quot;,&quot;library&quot;:&quot;fa-solid&quot;},&quot;sticky_effects_offset&quot;:0,&quot;sticky_anchor_link_offset&quot;:0}\" data-widget_type=\"nav-menu.default\">\n\t\t\t\t\t\t\t\t<nav aria-label=\"Menu\" class=\"elementor-nav-menu--main elementor-nav-menu__container elementor-nav-menu--layout-vertical e--pointer-none\">\n\t\t\t\t<ul id=\"menu-1-2748516\" class=\"elementor-nav-menu sm-vertical\"><li class=\"menu-item menu-item-type-post_type menu-item-object-page menu-item-1469\"><a href=\"https:\/\/bauservicebolzano.it\/lavori-di-intonacatura\/\" class=\"elementor-item\">Verputzarbeiten<\/a><\/li>\n<li class=\"menu-item menu-item-type-post_type menu-item-object-page menu-item-1468\"><a href=\"https:\/\/bauservicebolzano.it\/isolamento-termico\/\" class=\"elementor-item\">W\u00e4rmed\u00e4mmung<\/a><\/li>\n<li class=\"menu-item menu-item-type-post_type menu-item-object-page menu-item-1467\"><a href=\"https:\/\/bauservicebolzano.it\/massetti-e-sottofondi\/\" class=\"elementor-item\">Estriche und Unterb\u00f6den<\/a><\/li>\n<li class=\"menu-item menu-item-type-post_type menu-item-object-page menu-item-1466\"><a href=\"https:\/\/bauservicebolzano.it\/pitture-interne-ed-esterne\/\" class=\"elementor-item\">Innen- und Au\u00dfenanstriche<\/a><\/li>\n<li class=\"menu-item menu-item-type-post_type menu-item-object-page menu-item-1465\"><a href=\"https:\/\/bauservicebolzano.it\/lavori-in-cartongesso\/\" class=\"elementor-item\">Trockenbauarbeiten<\/a><\/li>\n<li class=\"menu-item menu-item-type-post_type menu-item-object-page menu-item-1464\"><a href=\"https:\/\/bauservicebolzano.it\/edilizia-civile-e-industriale\/\" class=\"elementor-item\">Zivil- und Industriebau<\/a><\/li>\n<\/ul>\t\t\t<\/nav>\n\t\t\t\t\t\t<nav class=\"elementor-nav-menu--dropdown elementor-nav-menu__container\" aria-hidden=\"true\">\n\t\t\t\t<ul id=\"menu-2-2748516\" class=\"elementor-nav-menu sm-vertical\"><li class=\"menu-item menu-item-type-post_type menu-item-object-page menu-item-1469\"><a href=\"https:\/\/bauservicebolzano.it\/lavori-di-intonacatura\/\" class=\"elementor-item\" tabindex=\"-1\">Verputzarbeiten<\/a><\/li>\n<li class=\"menu-item menu-item-type-post_type menu-item-object-page menu-item-1468\"><a href=\"https:\/\/bauservicebolzano.it\/isolamento-termico\/\" class=\"elementor-item\" tabindex=\"-1\">W\u00e4rmed\u00e4mmung<\/a><\/li>\n<li class=\"menu-item menu-item-type-post_type menu-item-object-page menu-item-1467\"><a href=\"https:\/\/bauservicebolzano.it\/massetti-e-sottofondi\/\" class=\"elementor-item\" tabindex=\"-1\">Estriche und Unterb\u00f6den<\/a><\/li>\n<li class=\"menu-item menu-item-type-post_type menu-item-object-page menu-item-1466\"><a href=\"https:\/\/bauservicebolzano.it\/pitture-interne-ed-esterne\/\" class=\"elementor-item\" tabindex=\"-1\">Innen- und Au\u00dfenanstriche<\/a><\/li>\n<li class=\"menu-item menu-item-type-post_type menu-item-object-page menu-item-1465\"><a href=\"https:\/\/bauservicebolzano.it\/lavori-in-cartongesso\/\" class=\"elementor-item\" tabindex=\"-1\">Trockenbauarbeiten<\/a><\/li>\n<li class=\"menu-item menu-item-type-post_type menu-item-object-page menu-item-1464\"><a href=\"https:\/\/bauservicebolzano.it\/edilizia-civile-e-industriale\/\" class=\"elementor-item\" tabindex=\"-1\">Zivil- und Industriebau<\/a><\/li>\n<\/ul>\t\t\t<\/nav>\n\t\t\t\t\t\t<\/div>\n\t\t\t\t<\/div>\n\t\t<div class=\"elementor-element elementor-element-0ea78ec e-con-full e-flex e-con e-child\" data-id=\"0ea78ec\" data-element_type=\"container\" data-e-type=\"container\">\n\t\t\t\t<div class=\"elementor-element elementor-element-0e1bde9 upper_heading elementor-widget elementor-widget-heading\" data-id=\"0e1bde9\" data-element_type=\"widget\" data-e-type=\"widget\" data-widget_type=\"heading.default\">\n\t\t\t\t\t<div class=\"elementor-heading-title elementor-size-default\">Service<\/div>\t\t\t\t<\/div>\n\t\t\t\t<div class=\"elementor-element elementor-element-5143020 elementor-widget elementor-widget-heading\" data-id=\"5143020\" data-element_type=\"widget\" data-e-type=\"widget\" data-widget_type=\"heading.default\">\n\t\t\t\t\t<h2 class=\"elementor-heading-title elementor-size-default\">Verputzarbeiten<\/h2>\t\t\t\t<\/div>\n\t\t\t\t<div class=\"elementor-element elementor-element-5e3d6bc elementor-widget elementor-widget-text-editor\" data-id=\"5e3d6bc\" data-element_type=\"widget\" data-e-type=\"widget\" data-widget_type=\"text-editor.default\">\n\t\t\t\t\t\t\t\t\t<p>Wir f\u00fchren Innen- und Au\u00dfenputzarbeiten f\u00fcr Wohn-, Gewerbe- und Industriegeb\u00e4ude durch und garantieren gleichm\u00e4\u00dfige, widerstandsf\u00e4hige und dauerhafte Oberfl\u00e4chen. Wir verwenden hochwertige Materialien und Techniken, die f\u00fcr jede Art von Untergrund geeignet sind, und gew\u00e4hrleisten so ein \u00e4sthetisches und funktionelles Ergebnis im Laufe der Zeit. <\/p><p>Der Putz stellt eine grundlegende Phase f\u00fcr den Schutz und die Oberfl\u00e4chenbehandlung dar, und deshalb arbeiten wir mit Liebe zum Detail und Ausf\u00fchrungsgenauigkeit. Jeder Eingriff wird auf der Grundlage der spezifischen Projektanforderungen und der Geb\u00e4udebedingungen unter Einhaltung der geltenden Vorschriften geplant. <\/p><p><strong data-start=\"874\" data-end=\"961\">F\u00fcr weitere Informationen oder f\u00fcr einen ma\u00dfgeschneiderten Eingriff z\u00f6gern Sie nicht, uns zu kontaktieren.<\/strong><\/p>\t\t\t\t\t\t\t\t<\/div>\n\t\t\t\t<div class=\"elementor-element elementor-element-d1c1a3e elementor-align-right button-design elementor-widget elementor-widget-button\" data-id=\"d1c1a3e\" data-element_type=\"widget\" data-e-type=\"widget\" data-widget_type=\"button.default\">\n\t\t\t\t\t\t\t\t\t\t<a class=\"elementor-button elementor-button-link elementor-size-sm\" href=\"https:\/\/bauservicebolzano.it\/de\/kontakt\/\">\n\t\t\t\t\t\t<span class=\"elementor-button-content-wrapper\">\n\t\t\t\t\t\t\t\t\t<span class=\"elementor-button-text\">Kontaktieren Sie uns jetzt<\/span>\n\t\t\t\t\t<\/span>\n\t\t\t\t\t<\/a>\n\t\t\t\t\t\t\t\t<\/div>\n\t\t\t\t<div class=\"elementor-element elementor-element-d913c7e elementor-widget elementor-widget-image\" data-id=\"d913c7e\" data-element_type=\"widget\" data-e-type=\"widget\" data-widget_type=\"image.default\">\n\t\t\t\t\t\t\t\t\t\t\t\t\t\t\t<img fetchpriority=\"high\" decoding=\"async\" width=\"1920\" height=\"1080\" src=\"https:\/\/bauservicebolzano.it\/wp-content\/uploads\/2026\/01\/Bauservice-Bolzano-02b-2880w.webp\" class=\"attachment-full size-full wp-image-1850\" alt=\"\" srcset=\"https:\/\/bauservicebolzano.it\/wp-content\/uploads\/2026\/01\/Bauservice-Bolzano-02b-2880w.webp 1920w, https:\/\/bauservicebolzano.it\/wp-content\/uploads\/2026\/01\/Bauservice-Bolzano-02b-2880w-300x169.webp 300w, https:\/\/bauservicebolzano.it\/wp-content\/uploads\/2026\/01\/Bauservice-Bolzano-02b-2880w-1024x576.webp 1024w, https:\/\/bauservicebolzano.it\/wp-content\/uploads\/2026\/01\/Bauservice-Bolzano-02b-2880w-768x432.webp 768w, https:\/\/bauservicebolzano.it\/wp-content\/uploads\/2026\/01\/Bauservice-Bolzano-02b-2880w-1536x864.webp 1536w\" sizes=\"(max-width: 1920px) 100vw, 1920px\" \/>\t\t\t\t\t\t\t\t\t\t\t\t\t\t\t<\/div>\n\t\t<div class=\"elementor-element elementor-element-8595512 e-con-full elementor-hidden-desktop elementor-hidden-tablet elementor-hidden-mobile e-flex e-con e-child\" data-id=\"8595512\" data-element_type=\"container\" data-e-type=\"container\">\n\t\t\t\t<div class=\"elementor-element elementor-element-14f4613 elementor-widget elementor-widget-spacer\" data-id=\"14f4613\" data-element_type=\"widget\" data-e-type=\"widget\" data-widget_type=\"spacer.default\">\n\t\t\t\t\t\t\t<div class=\"elementor-spacer\">\n\t\t\t<div class=\"elementor-spacer-inner\"><\/div>\n\t\t<\/div>\n\t\t\t\t\t\t<\/div>\n\t\t\t\t<div class=\"elementor-element elementor-element-543dc38 upper_heading elementor-widget elementor-widget-heading\" data-id=\"543dc38\" data-element_type=\"widget\" data-e-type=\"widget\" data-widget_type=\"heading.default\">\n\t\t\t\t\t<div class=\"elementor-heading-title elementor-size-default\">Kontakt aufnehmen<\/div>\t\t\t\t<\/div>\n\t\t\t\t<div class=\"elementor-element elementor-element-62e8184 elementor-widget elementor-widget-heading\" data-id=\"62e8184\" data-element_type=\"widget\" data-e-type=\"widget\" data-widget_type=\"heading.default\">\n\t\t\t\t\t<h2 class=\"elementor-heading-title elementor-size-default\">F\u00fcllen Sie das untenstehende Formular aus<\/h2>\t\t\t\t<\/div>\n\t\t\t\t<div class=\"elementor-element elementor-element-a8d54d3 elementor-button-align-start button-design contact_form elementor-widget elementor-widget-form\" data-id=\"a8d54d3\" data-element_type=\"widget\" data-e-type=\"widget\" data-settings=\"{&quot;step_next_label&quot;:&quot;Weiter&quot;,&quot;step_previous_label&quot;:&quot;Zur\\u00fcck&quot;,&quot;button_width&quot;:&quot;30&quot;,&quot;step_type&quot;:&quot;number_text&quot;,&quot;step_icon_shape&quot;:&quot;circle&quot;}\" data-widget_type=\"form.default\">\n\t\t\t\t\t\t\t<form class=\"elementor-form\" method=\"post\" name=\"Neues Formular\" aria-label=\"Neues Formular\">\n\t\t\t<input type=\"hidden\" name=\"post_id\" value=\"1853\"\/>\n\t\t\t<input type=\"hidden\" name=\"form_id\" value=\"a8d54d3\"\/>\n\t\t\t<input type=\"hidden\" name=\"referer_title\" value=\"bauservicebolzano.it\" \/>\n\n\t\t\t\n\t\t\t<div class=\"elementor-form-fields-wrapper elementor-labels-\">\n\t\t\t\t\t\t\t\t<div class=\"elementor-field-type-hidden elementor-field-group elementor-column elementor-field-group-servizio elementor-col-100\">\n\t\t\t\t\t\t\t\t\t\t\t\t\t<input size=\"1\" type=\"hidden\" name=\"form_fields[servizio]\" id=\"form-field-servizio\" class=\"elementor-field elementor-size-lg  elementor-field-textual\" value=\"Verputzarbeiten\">\n\t\t\t\t\t\t\t\t\t\t\t<\/div>\n\t\t\t\t\t\t\t\t<div class=\"elementor-field-type-text elementor-field-group elementor-column elementor-field-group-nome elementor-col-50\">\n\t\t\t\t\t\t\t\t\t\t\t\t<label for=\"form-field-nome\" class=\"elementor-field-label elementor-screen-only\">\n\t\t\t\t\t\t\t\tName\t\t\t\t\t\t\t<\/label>\n\t\t\t\t\t\t\t\t\t\t\t\t\t\t<input size=\"1\" type=\"text\" name=\"form_fields[nome]\" id=\"form-field-nome\" class=\"elementor-field elementor-size-lg  elementor-field-textual\" placeholder=\"Name\">\n\t\t\t\t\t\t\t\t\t\t\t<\/div>\n\t\t\t\t\t\t\t\t<div class=\"elementor-field-type-email elementor-field-group elementor-column elementor-field-group-email elementor-col-50 elementor-field-required\">\n\t\t\t\t\t\t\t\t\t\t\t\t<label for=\"form-field-email\" class=\"elementor-field-label elementor-screen-only\">\n\t\t\t\t\t\t\t\tE-Mail\t\t\t\t\t\t\t<\/label>\n\t\t\t\t\t\t\t\t\t\t\t\t\t\t<input size=\"1\" type=\"email\" name=\"form_fields[email]\" id=\"form-field-email\" class=\"elementor-field elementor-size-lg  elementor-field-textual\" placeholder=\"E-Mail\" required=\"required\">\n\t\t\t\t\t\t\t\t\t\t\t<\/div>\n\t\t\t\t\t\t\t\t<div class=\"elementor-field-type-text elementor-field-group elementor-column elementor-field-group-telefono elementor-col-50\">\n\t\t\t\t\t\t\t\t\t\t\t\t<label for=\"form-field-telefono\" class=\"elementor-field-label elementor-screen-only\">\n\t\t\t\t\t\t\t\tTelefon\t\t\t\t\t\t\t<\/label>\n\t\t\t\t\t\t\t\t\t\t\t\t\t\t<input size=\"1\" type=\"text\" name=\"form_fields[telefono]\" id=\"form-field-telefono\" class=\"elementor-field elementor-size-lg  elementor-field-textual\" placeholder=\"Telefon\">\n\t\t\t\t\t\t\t\t\t\t\t<\/div>\n\t\t\t\t\t\t\t\t<div class=\"elementor-field-type-text elementor-field-group elementor-column elementor-field-group-oggetto elementor-col-50\">\n\t\t\t\t\t\t\t\t\t\t\t\t<label for=\"form-field-oggetto\" class=\"elementor-field-label elementor-screen-only\">\n\t\t\t\t\t\t\t\tBetreff\t\t\t\t\t\t\t<\/label>\n\t\t\t\t\t\t\t\t\t\t\t\t\t\t<input size=\"1\" type=\"text\" name=\"form_fields[oggetto]\" id=\"form-field-oggetto\" class=\"elementor-field elementor-size-lg  elementor-field-textual\" placeholder=\"Betreff\">\n\t\t\t\t\t\t\t\t\t\t\t<\/div>\n\t\t\t\t\t\t\t\t<div class=\"elementor-field-type-textarea elementor-field-group elementor-column elementor-field-group-messaggio elementor-col-100\">\n\t\t\t\t\t\t\t\t\t\t\t\t<label for=\"form-field-messaggio\" class=\"elementor-field-label elementor-screen-only\">\n\t\t\t\t\t\t\t\tNachricht\t\t\t\t\t\t\t<\/label>\n\t\t\t\t\t\t<textarea class=\"elementor-field-textual elementor-field  elementor-size-lg\" name=\"form_fields[messaggio]\" id=\"form-field-messaggio\" rows=\"4\" placeholder=\"Nachricht\"><\/textarea>\t\t\t\t<\/div>\n\t\t\t\t\t\t\t\t<div class=\"elementor-field-type-recaptcha_v3 elementor-field-group elementor-column elementor-field-group-recaptcha elementor-col-100 recaptcha_v3-bottomright\">\n\t\t\t\t\t<div class=\"elementor-field\" id=\"form-field-recaptcha\"><div class=\"elementor-g-recaptcha\" data-sitekey=\"6LcZzFUsAAAAAJfuALaS5la2lUfD8N0cWF-Br4eL\" data-type=\"v3\" data-action=\"Form\" data-badge=\"bottomright\" data-size=\"invisible\"><\/div><\/div>\t\t\t\t<\/div>\n\t\t\t\t\t\t\t\t<div class=\"elementor-field-group elementor-column elementor-field-type-submit elementor-col-30 e-form__buttons\">\n\t\t\t\t\t<button class=\"elementor-button elementor-size-lg\" type=\"submit\">\n\t\t\t\t\t\t<span class=\"elementor-button-content-wrapper\">\n\t\t\t\t\t\t\t\t\t\t\t\t\t\t\t\t\t\t\t\t\t\t<span class=\"elementor-button-text\"> Anfrage senden<\/span>\n\t\t\t\t\t\t\t\t\t\t\t\t\t<\/span>\n\t\t\t\t\t<\/button>\n\t\t\t\t<\/div>\n\t\t\t<\/div>\n\t\t<\/form>\n\t\t\t\t\t\t<\/div>\n\t\t\t\t<\/div>\n\t\t\t\t<\/div>\n\t\t\t\t\t<\/div>\n\t\t\t\t<\/div>\n\t\t\t\t<\/div>\n\t\t","protected":false},"excerpt":{"rendered":"<p>Startseite \/\/ Service Wir f\u00fchren Innen- und Au\u00dfenputzarbeiten f\u00fcr Wohn-, Gewerbe- und Industriegeb\u00e4ude durch und garantieren gleichm\u00e4\u00dfige, widerstandsf\u00e4hige und dauerhafte Oberfl\u00e4chen. Wir verwenden hochwertige Materialien und Techniken, die f\u00fcr jede Art von Untergrund geeignet sind, und gew\u00e4hrleisten so ein \u00e4sthetisches und funktionelles Ergebnis im Laufe der Zeit. Der Putz stellt eine grundlegende Phase f\u00fcr den [&hellip;]<\/p>\n","protected":false},"author":2,"featured_media":0,"parent":0,"menu_order":0,"comment_status":"closed","ping_status":"closed","template":"","meta":{"_acf_changed":false,"footnotes":""},"class_list":["post-1853","page","type-page","status-publish","hentry"],"acf":[],"yoast_head":"<!-- This site is optimized with the Yoast SEO plugin v27.1.1 - https:\/\/yoast.com\/product\/yoast-seo-wordpress\/ -->\n<title>Professionelle Verputzarbeiten \u2013 Bauservice Bozen<\/title>\n<meta name=\"description\" content=\"Bauservice Bozen f\u00fchrt Innen- und Au\u00dfenputzarbeiten mit hochwertigen Oberfl\u00e4chen, widerstandsf\u00e4higen und gleichm\u00e4\u00dfigen Fl\u00e4chen in Bozen aus.\" \/>\n<meta name=\"robots\" content=\"index, follow, max-snippet:-1, max-image-preview:large, max-video-preview:-1\" \/>\n<link rel=\"canonical\" href=\"https:\/\/bauservicebolzano.it\/de\/verputzarbeiten\/\" \/>\n<meta property=\"og:locale\" content=\"de_DE\" \/>\n<meta property=\"og:type\" content=\"article\" \/>\n<meta property=\"og:title\" content=\"Professionelle Verputzarbeiten \u2013 Bauservice Bozen\" \/>\n<meta property=\"og:description\" content=\"Bauservice Bozen f\u00fchrt Innen- und Au\u00dfenputzarbeiten mit hochwertigen Oberfl\u00e4chen, widerstandsf\u00e4higen und gleichm\u00e4\u00dfigen Fl\u00e4chen in Bozen aus.\" \/>\n<meta property=\"og:url\" content=\"https:\/\/bauservicebolzano.it\/de\/verputzarbeiten\/\" \/>\n<meta property=\"og:site_name\" content=\"bauservicebolzano.it\" \/>\n<meta property=\"article:modified_time\" content=\"2026-01-21T16:59:44+00:00\" \/>\n<meta property=\"og:image\" content=\"https:\/\/bauservicebolzano.it\/wp-content\/uploads\/2026\/01\/Bauservice-Bolzano-02b-2880w.webp\" \/>\n<meta name=\"twitter:card\" content=\"summary_large_image\" \/>\n<meta name=\"twitter:label1\" content=\"Gesch\u00e4tzte Lesezeit\" \/>\n\t<meta name=\"twitter:data1\" content=\"1\u00a0Minute\" \/>\n<script type=\"application\/ld+json\" class=\"yoast-schema-graph\">{\"@context\":\"https:\/\/schema.org\",\"@graph\":[{\"@type\":\"WebPage\",\"@id\":\"https:\/\/bauservicebolzano.it\/de\/verputzarbeiten\/\",\"url\":\"https:\/\/bauservicebolzano.it\/de\/verputzarbeiten\/\",\"name\":\"Professionelle Verputzarbeiten \u2013 Bauservice Bozen\",\"isPartOf\":{\"@id\":\"https:\/\/bauservicebolzano.it\/de\/#website\"},\"primaryImageOfPage\":{\"@id\":\"https:\/\/bauservicebolzano.it\/de\/verputzarbeiten\/#primaryimage\"},\"image\":{\"@id\":\"https:\/\/bauservicebolzano.it\/de\/verputzarbeiten\/#primaryimage\"},\"thumbnailUrl\":\"https:\/\/bauservicebolzano.it\/wp-content\/uploads\/2026\/01\/Bauservice-Bolzano-02b-2880w.webp\",\"datePublished\":\"2026-01-06T12:38:44+00:00\",\"dateModified\":\"2026-01-21T16:59:44+00:00\",\"description\":\"Bauservice Bozen f\u00fchrt Innen- und Au\u00dfenputzarbeiten mit hochwertigen Oberfl\u00e4chen, widerstandsf\u00e4higen und gleichm\u00e4\u00dfigen Fl\u00e4chen in Bozen aus.\",\"breadcrumb\":{\"@id\":\"https:\/\/bauservicebolzano.it\/de\/verputzarbeiten\/#breadcrumb\"},\"inLanguage\":\"de\",\"potentialAction\":[{\"@type\":\"ReadAction\",\"target\":[\"https:\/\/bauservicebolzano.it\/de\/verputzarbeiten\/\"]}]},{\"@type\":\"ImageObject\",\"inLanguage\":\"de\",\"@id\":\"https:\/\/bauservicebolzano.it\/de\/verputzarbeiten\/#primaryimage\",\"url\":\"https:\/\/bauservicebolzano.it\/wp-content\/uploads\/2026\/01\/Bauservice-Bolzano-02b-2880w.webp\",\"contentUrl\":\"https:\/\/bauservicebolzano.it\/wp-content\/uploads\/2026\/01\/Bauservice-Bolzano-02b-2880w.webp\"},{\"@type\":\"BreadcrumbList\",\"@id\":\"https:\/\/bauservicebolzano.it\/de\/verputzarbeiten\/#breadcrumb\",\"itemListElement\":[{\"@type\":\"ListItem\",\"position\":1,\"name\":\"Home\",\"item\":\"https:\/\/bauservicebolzano.it\/de\/\"},{\"@type\":\"ListItem\",\"position\":2,\"name\":\"Verputzarbeiten\"}]},{\"@type\":\"WebSite\",\"@id\":\"https:\/\/bauservicebolzano.it\/de\/#website\",\"url\":\"https:\/\/bauservicebolzano.it\/de\/\",\"name\":\"bauservicebolzano.it\",\"description\":\"\",\"publisher\":{\"@id\":\"https:\/\/bauservicebolzano.it\/de\/#organization\"},\"potentialAction\":[{\"@type\":\"SearchAction\",\"target\":{\"@type\":\"EntryPoint\",\"urlTemplate\":\"https:\/\/bauservicebolzano.it\/de\/?s={search_term_string}\"},\"query-input\":{\"@type\":\"PropertyValueSpecification\",\"valueRequired\":true,\"valueName\":\"search_term_string\"}}],\"inLanguage\":\"de\"},{\"@type\":\"Organization\",\"@id\":\"https:\/\/bauservicebolzano.it\/de\/#organization\",\"name\":\"bauservicebolzano.it\",\"url\":\"https:\/\/bauservicebolzano.it\/de\/\",\"logo\":{\"@type\":\"ImageObject\",\"inLanguage\":\"de\",\"@id\":\"https:\/\/bauservicebolzano.it\/de\/#\/schema\/logo\/image\/\",\"url\":\"https:\/\/bauservicebolzano.it\/wp-content\/uploads\/2025\/07\/ChatGPT-Image-Jan-8-2026-05_47_10-PM.png\",\"contentUrl\":\"https:\/\/bauservicebolzano.it\/wp-content\/uploads\/2025\/07\/ChatGPT-Image-Jan-8-2026-05_47_10-PM.png\",\"width\":1024,\"height\":1024,\"caption\":\"bauservicebolzano.it\"},\"image\":{\"@id\":\"https:\/\/bauservicebolzano.it\/de\/#\/schema\/logo\/image\/\"}}]}<\/script>\n<!-- \/ Yoast SEO plugin. -->","yoast_head_json":{"title":"Professionelle Verputzarbeiten \u2013 Bauservice Bozen","description":"Bauservice Bozen f\u00fchrt Innen- und Au\u00dfenputzarbeiten mit hochwertigen Oberfl\u00e4chen, widerstandsf\u00e4higen und gleichm\u00e4\u00dfigen Fl\u00e4chen in Bozen aus.","robots":{"index":"index","follow":"follow","max-snippet":"max-snippet:-1","max-image-preview":"max-image-preview:large","max-video-preview":"max-video-preview:-1"},"canonical":"https:\/\/bauservicebolzano.it\/de\/verputzarbeiten\/","og_locale":"de_DE","og_type":"article","og_title":"Professionelle Verputzarbeiten \u2013 Bauservice Bozen","og_description":"Bauservice Bozen f\u00fchrt Innen- und Au\u00dfenputzarbeiten mit hochwertigen Oberfl\u00e4chen, widerstandsf\u00e4higen und gleichm\u00e4\u00dfigen Fl\u00e4chen in Bozen aus.","og_url":"https:\/\/bauservicebolzano.it\/de\/verputzarbeiten\/","og_site_name":"bauservicebolzano.it","article_modified_time":"2026-01-21T16:59:44+00:00","og_image":[{"url":"https:\/\/bauservicebolzano.it\/wp-content\/uploads\/2026\/01\/Bauservice-Bolzano-02b-2880w.webp","type":"","width":"","height":""}],"twitter_card":"summary_large_image","twitter_misc":{"Gesch\u00e4tzte Lesezeit":"1\u00a0Minute"},"schema":{"@context":"https:\/\/schema.org","@graph":[{"@type":"WebPage","@id":"https:\/\/bauservicebolzano.it\/de\/verputzarbeiten\/","url":"https:\/\/bauservicebolzano.it\/de\/verputzarbeiten\/","name":"Professionelle Verputzarbeiten \u2013 Bauservice Bozen","isPartOf":{"@id":"https:\/\/bauservicebolzano.it\/de\/#website"},"primaryImageOfPage":{"@id":"https:\/\/bauservicebolzano.it\/de\/verputzarbeiten\/#primaryimage"},"image":{"@id":"https:\/\/bauservicebolzano.it\/de\/verputzarbeiten\/#primaryimage"},"thumbnailUrl":"https:\/\/bauservicebolzano.it\/wp-content\/uploads\/2026\/01\/Bauservice-Bolzano-02b-2880w.webp","datePublished":"2026-01-06T12:38:44+00:00","dateModified":"2026-01-21T16:59:44+00:00","description":"Bauservice Bozen f\u00fchrt Innen- und Au\u00dfenputzarbeiten mit hochwertigen Oberfl\u00e4chen, widerstandsf\u00e4higen und gleichm\u00e4\u00dfigen Fl\u00e4chen in Bozen aus.","breadcrumb":{"@id":"https:\/\/bauservicebolzano.it\/de\/verputzarbeiten\/#breadcrumb"},"inLanguage":"de","potentialAction":[{"@type":"ReadAction","target":["https:\/\/bauservicebolzano.it\/de\/verputzarbeiten\/"]}]},{"@type":"ImageObject","inLanguage":"de","@id":"https:\/\/bauservicebolzano.it\/de\/verputzarbeiten\/#primaryimage","url":"https:\/\/bauservicebolzano.it\/wp-content\/uploads\/2026\/01\/Bauservice-Bolzano-02b-2880w.webp","contentUrl":"https:\/\/bauservicebolzano.it\/wp-content\/uploads\/2026\/01\/Bauservice-Bolzano-02b-2880w.webp"},{"@type":"BreadcrumbList","@id":"https:\/\/bauservicebolzano.it\/de\/verputzarbeiten\/#breadcrumb","itemListElement":[{"@type":"ListItem","position":1,"name":"Home","item":"https:\/\/bauservicebolzano.it\/de\/"},{"@type":"ListItem","position":2,"name":"Verputzarbeiten"}]},{"@type":"WebSite","@id":"https:\/\/bauservicebolzano.it\/de\/#website","url":"https:\/\/bauservicebolzano.it\/de\/","name":"bauservicebolzano.it","description":"","publisher":{"@id":"https:\/\/bauservicebolzano.it\/de\/#organization"},"potentialAction":[{"@type":"SearchAction","target":{"@type":"EntryPoint","urlTemplate":"https:\/\/bauservicebolzano.it\/de\/?s={search_term_string}"},"query-input":{"@type":"PropertyValueSpecification","valueRequired":true,"valueName":"search_term_string"}}],"inLanguage":"de"},{"@type":"Organization","@id":"https:\/\/bauservicebolzano.it\/de\/#organization","name":"bauservicebolzano.it","url":"https:\/\/bauservicebolzano.it\/de\/","logo":{"@type":"ImageObject","inLanguage":"de","@id":"https:\/\/bauservicebolzano.it\/de\/#\/schema\/logo\/image\/","url":"https:\/\/bauservicebolzano.it\/wp-content\/uploads\/2025\/07\/ChatGPT-Image-Jan-8-2026-05_47_10-PM.png","contentUrl":"https:\/\/bauservicebolzano.it\/wp-content\/uploads\/2025\/07\/ChatGPT-Image-Jan-8-2026-05_47_10-PM.png","width":1024,"height":1024,"caption":"bauservicebolzano.it"},"image":{"@id":"https:\/\/bauservicebolzano.it\/de\/#\/schema\/logo\/image\/"}}]}},"_links":{"self":[{"href":"https:\/\/bauservicebolzano.it\/de\/wp-json\/wp\/v2\/pages\/1853","targetHints":{"allow":["GET"]}}],"collection":[{"href":"https:\/\/bauservicebolzano.it\/de\/wp-json\/wp\/v2\/pages"}],"about":[{"href":"https:\/\/bauservicebolzano.it\/de\/wp-json\/wp\/v2\/types\/page"}],"author":[{"embeddable":true,"href":"https:\/\/bauservicebolzano.it\/de\/wp-json\/wp\/v2\/users\/2"}],"replies":[{"embeddable":true,"href":"https:\/\/bauservicebolzano.it\/de\/wp-json\/wp\/v2\/comments?post=1853"}],"version-history":[{"count":1,"href":"https:\/\/bauservicebolzano.it\/de\/wp-json\/wp\/v2\/pages\/1853\/revisions"}],"predecessor-version":[{"id":1854,"href":"https:\/\/bauservicebolzano.it\/de\/wp-json\/wp\/v2\/pages\/1853\/revisions\/1854"}],"wp:attachment":[{"href":"https:\/\/bauservicebolzano.it\/de\/wp-json\/wp\/v2\/media?parent=1853"}],"curies":[{"name":"wp","href":"https:\/\/api.w.org\/{rel}","templated":true}]}}